{"id":7,"date":"2019-04-19T11:05:00","date_gmt":"2019-04-19T11:05:00","guid":{"rendered":"http:\/\/bushido-erlensee.de\/?page_id=7"},"modified":"2025-01-26T14:50:33","modified_gmt":"2025-01-26T14:50:33","slug":"home","status":"publish","type":"page","link":"https:\/\/bushido-erlensee.de\/","title":{"rendered":"Home"},"content":{"rendered":"\n<div style=\"height:24px\" aria-hidden=\"true\" class=\"wp-block-spacer\"><\/div>\n\n\n\n<p class=\"has-text-align-center has-vivid-red-color has-text-color\"><\/p>\n\n\n\n<div style=\"height:22px\" aria-hidden=\"true\" class=\"wp-block-spacer\"><\/div>\n\n\n\n<h4 class=\"wp-block-heading\">Bushido Erlensee e.V.<\/h4>\n\n\n\n<p> Bushido Erlensee ist der Kampfsport- und Kampfkunstverein in Erlensee. Unser Trainingsangebot besteht aus Ju-Jutsu f\u00fcr Kinder und Erwachsene, dem israelischen Krav Maga, sowie Kickboxen.   <\/p>\n\n\n\n<p>\n\nKinder k\u00f6nnen bei uns schon ab 5 Jahren Ju-Jutsu und Selbstverteidigung trainieren. Trainiert wird unter Aufsicht ausgebildeter, lizenzierter Trainer und \u00dcbungsleiter. Bei unserem Kindertraining sind in der Regel mehrere \u00dcbungsleiter anwesend, wodurch eine durchgehende Betreuung w\u00e4hrend des Kampfsports gew\u00e4hrleistet wird. \n\n<\/p>\n\n\n\n<div class=\"wp-block-button is-style-outline is-style-outline--1\"><a class=\"wp-block-button__link has-very-light-gray-color has-very-dark-gray-background-color has-text-color has-background wp-element-button\" href=\"https:\/\/bushido-erlensee.de\/?page_id=33\">Zu den Trainingszeiten<\/a><\/div>\n\n\n\n<div style=\"height:28px\" aria-hidden=\"true\" class=\"wp-block-spacer\"><\/div>\n\n\n\n<h4 class=\"wp-block-heading\">German Open 2019<\/h4>\n\n\n\n<div style=\"height:20px\" aria-hidden=\"true\" class=\"wp-block-spacer\"><\/div>\n\n\n\n<iframe loading=\"lazy\" width=\"560\" height=\"315\" src=\"https:\/\/www.youtube-nocookie.com\/embed\/T17q7l7Bgzk\" frameborder=\"0\" allow=\"accelerometer; autoplay; encrypted-media; gyroscope; picture-in-picture\" allowfullscreen=\"\"><\/iframe>\n\n\n\n<div style=\"height:21px\" aria-hidden=\"true\" class=\"wp-block-spacer\"><\/div>\n\n\n\n<div style=\"height:21px\" aria-hidden=\"true\" class=\"wp-block-spacer\"><\/div>\n\n\n\n<h4 class=\"wp-block-heading\">Unsere Trainer<\/h4>\n\n\n\n<p>Unsere Trainer haben langj\u00e4hrige Erfahrung in den Bereichen Kampfsport, Selbstschutz und Fitness gesammelt. Sie sind selbst erfolgreiche Wettk\u00e4mpfer, ausgebildete Pr\u00fcfer f\u00fcr den Landesverband, Kampfrichter oder Lehrgangsreferenten bei nationalen und internationalen Kampfsport- und Selbstverteidigungsseminaren.<\/p>\n\n\n\n<p>Wir organisieren au\u00dferdem h\u00e4ufig Lehrg\u00e4nge mit nationalen und internationalen Top-Referenten aus der Welt der Kampfkunst und Selbstverteidigung. So wurden unter anderem schon die beiden Arnis- und Silat-Experten Shaun Porter und Glenn Lobo aus England sowie die Selbstschutzexperten Hock Hochheim, Mick Coup und Lee Morrison in Erlensee begr\u00fc\u00dft.<\/p>\n\n\n\n<div class=\"wp-block-button is-style-outline is-style-outline--2\"><a class=\"wp-block-button__link has-very-light-gray-color has-very-dark-gray-background-color has-text-color has-background wp-element-button\" href=\"https:\/\/bushido-erlensee.de\/?page_id=38\">Trainer<\/a><\/div>\n","protected":false},"excerpt":{"rendered":"<p>Bushido Erlensee e.V. Bushido Erlensee ist der Kampfsport- und Kampfkunstverein in Erlensee. Unser Trainingsangebot besteht aus Ju-Jutsu f\u00fcr Kinder und Erwachsene, dem israelischen Krav Maga, sowie Kickboxen. Kinder k\u00f6nnen bei uns schon ab 5 Jahren Ju-Jutsu und Selbstverteidigung trainieren. Trainiert wird unter Aufsicht ausgebildeter, lizenzierter Trainer und \u00dcbungsleiter. Bei unserem Kindertraining sind in der Regel mehrere \u00dcbungsleiter anwesend, wodurch eine durchgehende Betreuung w\u00e4hrend des Kampfsports gew\u00e4hrleistet wird. German Open 2019 Unsere Trainer Unsere Trainer haben langj\u00e4hrige Erfahrung in den Bereichen Kampfsport, Selbstschutz und Fitness gesammelt. Sie sind selbst erfolgreiche Wettk\u00e4mpfer, ausgebildete Pr\u00fcfer f\u00fcr den Landesverband, Kampfrichter oder Lehrgangsreferenten bei nationalen und internationalen Kampfsport- und Selbstverteidigungsseminaren. Wir organisieren au\u00dferdem h\u00e4ufig Lehrg\u00e4nge mit nationalen und internationalen Top-Referenten aus der Welt der Kampfkunst und Selbstverteidigung. So wurden unter anderem schon die beiden Arnis- und Silat-Experten Shaun Porter und Glenn Lobo aus England sowie die Selbstschutzexperten Hock Hochheim, Mick Coup und Lee Morrison in Erlensee begr\u00fc\u00dft.<\/p>\n","protected":false},"author":1,"featured_media":0,"parent":0,"menu_order":0,"comment_status":"closed","ping_status":"closed","template":"","meta":{"footnotes":""},"class_list":["post-7","page","type-page","status-publish","hentry"],"_links":{"self":[{"href":"https:\/\/bushido-erlensee.de\/index.php?rest_route=\/wp\/v2\/pages\/7","targetHints":{"allow":["GET"]}}],"collection":[{"href":"https:\/\/bushido-erlensee.de\/index.php?rest_route=\/wp\/v2\/pages"}],"about":[{"href":"https:\/\/bushido-erlensee.de\/index.php?rest_route=\/wp\/v2\/types\/page"}],"author":[{"embeddable":true,"href":"https:\/\/bushido-erlensee.de\/index.php?rest_route=\/wp\/v2\/users\/1"}],"replies":[{"embeddable":true,"href":"https:\/\/bushido-erlensee.de\/index.php?rest_route=%2Fwp%2Fv2%2Fcomments&post=7"}],"version-history":[{"count":24,"href":"https:\/\/bushido-erlensee.de\/index.php?rest_route=\/wp\/v2\/pages\/7\/revisions"}],"predecessor-version":[{"id":319,"href":"https:\/\/bushido-erlensee.de\/index.php?rest_route=\/wp\/v2\/pages\/7\/revisions\/319"}],"wp:attachment":[{"href":"https:\/\/bushido-erlensee.de\/index.php?rest_route=%2Fwp%2Fv2%2Fmedia&parent=7"}],"curies":[{"name":"wp","href":"https:\/\/api.w.org\/{rel}","templated":true}]}}