{"id":46,"date":"2019-04-19T11:14:50","date_gmt":"2019-04-19T11:14:50","guid":{"rendered":"http:\/\/bushido-erlensee.de\/?page_id=46"},"modified":"2019-04-19T11:15:27","modified_gmt":"2019-04-19T11:15:27","slug":"arbeitsdienste","status":"publish","type":"page","link":"https:\/\/bushido-erlensee.de\/?page_id=46","title":{"rendered":"Arbeitsdienste"},"content":{"rendered":"\n<p>Mit dem Eintritt in unseren Verein, erkl\u00e4ren sich alle unsere Mitglieder bereit, 5 Stunden pro Jahr im Rahmen von Vereinsveranstaltungen, bei der Organisation von Wettk\u00e4mpfen etc. mitzuhelfen und so ein f\u00fcr alle angenehmes Vereinsleben aufrecht zu erhalten und das Miteinander zu f\u00f6rdern. Jeder kann sich ganz individuell nach seinen M\u00f6glichkeiten, F\u00e4higkeiten und Interessen einbringen. Hier einige der Einsatzm\u00f6glichkeiten:<\/p>\n\n\n\n<ul class=\"wp-block-list\"><li>Tischbesetzung bei Wettk\u00e4mpfen<\/li><li>Organisation &amp; Durchf\u00fchrung von Veranstaltungen (Wettk\u00e4mpfe, Lehrg\u00e4nge, Tage der offenen T\u00fcr, Feste, &#8230;)<\/li><li>Teilnahme an der j\u00e4hrlichen Aktion &#8222;Sauberhaftes Erlensee&#8220;<\/li><li>Flyer verteilen oder sonstige Werbeaktionen gestalten<\/li><li>Pflege unserer Homepage<\/li><li>Sauberhaltung unseres Dojos und dem dazugeh\u00f6rigen Au\u00dfenbereich<\/li><li>Freizeitaktionen f\u00fcr Vereinsmitglieder gestalten<\/li><li>Trainingsequipment pflegen &amp; instandhalten<\/li><li>Durchf\u00fchrung von Renovierungs- und Umgestaltungsma\u00dfnahmen in unserem Dojo<\/li><li>Fahrdienste<\/li><li>Kuchen &amp; Salate f\u00fcr Veranstaltungen zubereiten<\/li><li>Theken- und Kassendienste bei Veranstaltungen<\/li><\/ul>\n\n\n\n<p>Du hast weitere Ideen, wie Du Dich in unserem Vereinsleben einbringen m\u00f6chtest ? Sprich uns gerne an &#8211; wir freuen uns \u00fcber jede Idee!<\/p>\n","protected":false},"excerpt":{"rendered":"<p>Mit dem Eintritt in unseren Verein, erkl\u00e4ren sich alle unsere Mitglieder bereit, 5 Stunden pro Jahr im Rahmen von Vereinsveranstaltungen, bei der Organisation von Wettk\u00e4mpfen etc. mitzuhelfen und so ein f\u00fcr alle angenehmes Vereinsleben aufrecht zu erhalten und das Miteinander zu f\u00f6rdern. Jeder kann sich ganz individuell nach seinen M\u00f6glichkeiten, F\u00e4higkeiten und Interessen einbringen. Hier einige der Einsatzm\u00f6glichkeiten: Tischbesetzung bei Wettk\u00e4mpfen Organisation &amp; Durchf\u00fchrung von Veranstaltungen (Wettk\u00e4mpfe, Lehrg\u00e4nge, Tage der offenen T\u00fcr, Feste, &#8230;) Teilnahme an der j\u00e4hrlichen Aktion &#8222;Sauberhaftes Erlensee&#8220; Flyer verteilen oder sonstige Werbeaktionen gestalten Pflege unserer Homepage Sauberhaltung unseres Dojos und dem dazugeh\u00f6rigen Au\u00dfenbereich Freizeitaktionen f\u00fcr Vereinsmitglieder gestalten Trainingsequipment pflegen &amp; instandhalten Durchf\u00fchrung von Renovierungs- und Umgestaltungsma\u00dfnahmen in unserem Dojo Fahrdienste Kuchen &amp; Salate f\u00fcr Veranstaltungen zubereiten Theken- und Kassendienste bei Veranstaltungen Du hast weitere Ideen, wie Du Dich in unserem Vereinsleben einbringen m\u00f6chtest ? Sprich uns gerne an &#8211; wir freuen uns \u00fcber jede Idee!<\/p>\n","protected":false},"author":1,"featured_media":0,"parent":0,"menu_order":0,"comment_status":"closed","ping_status":"closed","template":"","meta":{"footnotes":""},"class_list":["post-46","page","type-page","status-publish","hentry"],"_links":{"self":[{"href":"https:\/\/bushido-erlensee.de\/index.php?rest_route=\/wp\/v2\/pages\/46","targetHints":{"allow":["GET"]}}],"collection":[{"href":"https:\/\/bushido-erlensee.de\/index.php?rest_route=\/wp\/v2\/pages"}],"about":[{"href":"https:\/\/bushido-erlensee.de\/index.php?rest_route=\/wp\/v2\/types\/page"}],"author":[{"embeddable":true,"href":"https:\/\/bushido-erlensee.de\/index.php?rest_route=\/wp\/v2\/users\/1"}],"replies":[{"embeddable":true,"href":"https:\/\/bushido-erlensee.de\/index.php?rest_route=%2Fwp%2Fv2%2Fcomments&post=46"}],"version-history":[{"count":2,"href":"https:\/\/bushido-erlensee.de\/index.php?rest_route=\/wp\/v2\/pages\/46\/revisions"}],"predecessor-version":[{"id":49,"href":"https:\/\/bushido-erlensee.de\/index.php?rest_route=\/wp\/v2\/pages\/46\/revisions\/49"}],"wp:attachment":[{"href":"https:\/\/bushido-erlensee.de\/index.php?rest_route=%2Fwp%2Fv2%2Fmedia&parent=46"}],"curies":[{"name":"wp","href":"https:\/\/api.w.org\/{rel}","templated":true}]}}