{"id":15,"date":"2019-04-19T11:07:04","date_gmt":"2019-04-19T11:07:04","guid":{"rendered":"http:\/\/bushido-erlensee.de\/?page_id=15"},"modified":"2020-08-30T09:19:19","modified_gmt":"2020-08-30T09:19:19","slug":"krav-maga","status":"publish","type":"page","link":"https:\/\/bushido-erlensee.de\/?page_id=15","title":{"rendered":"Krav Maga"},"content":{"rendered":"\n<h4 class=\"wp-block-heading\">Training f\u00fcr den Ernstfall<\/h4>\n\n\n\n<p><em>&#8222;Theoretisiere\ndie Praxis, praktiziere nicht die Theorie&#8220;<\/em>&nbsp;ist\nder Leitsatz dieser Trainingsgruppe. Praktische Erfahrung und Analyse von\nVerteidungsf\u00e4llen bilden die Grundlage des Trainings.<\/p>\n\n\n\n<p><strong>Funktionale\nSelbstverteidigung<\/strong>&nbsp;&#8211; Jegliches Training wird auf seine\nFunktionalit\u00e4t \u00fcberpr\u00fcft. Mythen und Traditionen finden hier keinen Stellenwert<\/p>\n\n\n\n<p><strong>Individuelle\nL\u00f6sungen<\/strong>&nbsp;&#8211; Das taktische Vorgehen wird an den einzelnen Teilnehmer\nangepasst und eine individuelle Strategie unabh\u00e4ngig von Geschlecht,\nK\u00f6rpergr\u00f6\u00dfe und k\u00f6rperlicher Konstitution gefunden.<\/p>\n\n\n\n<p>Die Trainingsteilnahme ist ab Vollendung des 18. Lebensjahres m\u00f6glich.<\/p>\n\n\n\n<p>Da wir gemeinsam trainieren uns vor Aggression und Gewalt zu sch\u00fctzen, kann bei Anmeldung die Vorlage eines polizeilichen F\u00fchrungszeugnisses verlangt werden. Siehe auch: www.kravmaga-hanau.de<\/p>\n\n\n\n<p>Die\nGrundphilosophie besteht in der Vermittlung von m\u00f6glichst einfach zu\nerlernenden Bewegungsabl\u00e4ufen zur Selbstverteidigung, die auch in gr\u00f6\u00dften\nStresssituationen abgerufen werden k\u00f6nnen und eine sehr effektive\nSelbstverteidigung erm\u00f6glichen. Kurzum ein absolut realit\u00e4tsbezogenes\nSelbstverteidigungskonzept. Ein besonderer Schwerpunkt wird im Krav Maga auf\ndas Trainieren unter starker k\u00f6rperlicher Anstrengung als Simulation der\nStressbelastung eines \u00dcbergriffs, sowie auf das Training in gestellten\nSzenarios (mehrere Angreifer \/ mit und ohne Waffen) gelegt. Vollschutzanz\u00fcge\nstehen zur Verf\u00fcgung.<\/p>\n\n\n\n<p>Um eine\nkontinuierliche Qualit\u00e4tssicherung im Bereich des Selbstschutztrainings zu\nwahren, findet ein regelm\u00e4\u00dfiger Austausch und eine Weiterbildung bei Experten\nauf diesem Themengebiet statt.<\/p>\n\n\n\n<p>Das\nTrainerteam verf\u00fcgt \u00fcber eine langj\u00e4hrige Erfahrung und unterrichtet \u00fcber die\nGrenzen Deutschlands hinaus.<\/p>\n","protected":false},"excerpt":{"rendered":"<p>Training f\u00fcr den Ernstfall &#8222;Theoretisiere die Praxis, praktiziere nicht die Theorie&#8220;&nbsp;ist der Leitsatz dieser Trainingsgruppe. Praktische Erfahrung und Analyse von Verteidungsf\u00e4llen bilden die Grundlage des Trainings. Funktionale Selbstverteidigung&nbsp;&#8211; Jegliches Training wird auf seine Funktionalit\u00e4t \u00fcberpr\u00fcft. Mythen und Traditionen finden hier keinen Stellenwert Individuelle L\u00f6sungen&nbsp;&#8211; Das taktische Vorgehen wird an den einzelnen Teilnehmer angepasst und eine individuelle Strategie unabh\u00e4ngig von Geschlecht, K\u00f6rpergr\u00f6\u00dfe und k\u00f6rperlicher Konstitution gefunden. Die Trainingsteilnahme ist ab Vollendung des 18. Lebensjahres m\u00f6glich. Da wir gemeinsam trainieren uns vor Aggression und Gewalt zu sch\u00fctzen, kann bei Anmeldung die Vorlage eines polizeilichen F\u00fchrungszeugnisses verlangt werden. Siehe auch: www.kravmaga-hanau.de Die Grundphilosophie besteht in der Vermittlung von m\u00f6glichst einfach zu erlernenden Bewegungsabl\u00e4ufen zur Selbstverteidigung, die auch in gr\u00f6\u00dften Stresssituationen abgerufen werden k\u00f6nnen und eine sehr effektive Selbstverteidigung erm\u00f6glichen. Kurzum ein absolut realit\u00e4tsbezogenes Selbstverteidigungskonzept. Ein besonderer Schwerpunkt wird im Krav Maga auf das Trainieren unter starker k\u00f6rperlicher Anstrengung als Simulation der Stressbelastung eines \u00dcbergriffs, sowie auf das Training in gestellten Szenarios (mehrere Angreifer \/ mit und ohne Waffen) gelegt. Vollschutzanz\u00fcge stehen zur Verf\u00fcgung. Um eine kontinuierliche Qualit\u00e4tssicherung im Bereich des Selbstschutztrainings zu wahren, findet ein regelm\u00e4\u00dfiger Austausch und eine Weiterbildung bei Experten auf diesem Themengebiet statt. Das Trainerteam verf\u00fcgt \u00fcber eine langj\u00e4hrige Erfahrung und unterrichtet \u00fcber die Grenzen Deutschlands hinaus.<\/p>\n","protected":false},"author":1,"featured_media":0,"parent":0,"menu_order":0,"comment_status":"closed","ping_status":"closed","template":"","meta":{"footnotes":""},"class_list":["post-15","page","type-page","status-publish","hentry"],"_links":{"self":[{"href":"https:\/\/bushido-erlensee.de\/index.php?rest_route=\/wp\/v2\/pages\/15","targetHints":{"allow":["GET"]}}],"collection":[{"href":"https:\/\/bushido-erlensee.de\/index.php?rest_route=\/wp\/v2\/pages"}],"about":[{"href":"https:\/\/bushido-erlensee.de\/index.php?rest_route=\/wp\/v2\/types\/page"}],"author":[{"embeddable":true,"href":"https:\/\/bushido-erlensee.de\/index.php?rest_route=\/wp\/v2\/users\/1"}],"replies":[{"embeddable":true,"href":"https:\/\/bushido-erlensee.de\/index.php?rest_route=%2Fwp%2Fv2%2Fcomments&post=15"}],"version-history":[{"count":3,"href":"https:\/\/bushido-erlensee.de\/index.php?rest_route=\/wp\/v2\/pages\/15\/revisions"}],"predecessor-version":[{"id":282,"href":"https:\/\/bushido-erlensee.de\/index.php?rest_route=\/wp\/v2\/pages\/15\/revisions\/282"}],"wp:attachment":[{"href":"https:\/\/bushido-erlensee.de\/index.php?rest_route=%2Fwp%2Fv2%2Fmedia&parent=15"}],"curies":[{"name":"wp","href":"https:\/\/api.w.org\/{rel}","templated":true}]}}